{"id":137,"date":"2024-06-26T14:31:56","date_gmt":"2024-06-26T12:31:56","guid":{"rendered":"https:\/\/www.ep-partners.com\/?page_id=137"},"modified":"2025-04-09T06:47:40","modified_gmt":"2025-04-09T04:47:40","slug":"kontakt","status":"publish","type":"page","link":"https:\/\/www.ep-partners.com\/de\/kontakt\/","title":{"rendered":"Kontakt"},"content":{"rendered":"\t\t<div data-elementor-type=\"wp-page\" data-elementor-id=\"137\" class=\"elementor elementor-137\" data-elementor-post-type=\"page\">\n\t\t\t\t<div class=\"elementor-element elementor-element-21ddf0fa e-con-full e-flex e-con e-parent\" data-id=\"21ddf0fa\" data-element_type=\"container\" data-e-type=\"container\">\n\t\t<div class=\"elementor-element elementor-element-7975024a e-con-full e-flex e-con e-child\" data-id=\"7975024a\" data-element_type=\"container\" data-e-type=\"container\" data-settings=\"{&quot;background_background&quot;:&quot;classic&quot;}\">\n\t\t\t\t<div class=\"elementor-element elementor-element-68816702 elementor-invisible elementor-widget elementor-widget-heading\" data-id=\"68816702\" data-element_type=\"widget\" data-e-type=\"widget\" data-settings=\"{&quot;_animation&quot;:&quot;fadeInUp&quot;}\" data-widget_type=\"heading.default\">\n\t\t\t\t<div class=\"elementor-widget-container\">\n\t\t\t\t\t<h1 class=\"elementor-heading-title elementor-size-default\">Kontaktieren Sie uns<\/h1>\t\t\t\t<\/div>\n\t\t\t\t<\/div>\n\t\t\t\t<div class=\"elementor-element elementor-element-5147ee86 elementor-invisible elementor-widget elementor-widget-text-editor\" data-id=\"5147ee86\" data-element_type=\"widget\" data-e-type=\"widget\" data-settings=\"{&quot;_animation&quot;:&quot;fadeInUp&quot;}\" data-widget_type=\"text-editor.default\">\n\t\t\t\t<div class=\"elementor-widget-container\">\n\t\t\t\t\t\t\t\t\tLassen Sie uns ins Gespr\u00e4ch kommen\t\t\t\t\t\t\t\t<\/div>\n\t\t\t\t<\/div>\n\t\t\t\t<\/div>\n\t\t\t\t<\/div>\n\t\t<div class=\"elementor-element elementor-element-51013aae e-flex e-con-boxed e-con e-parent\" data-id=\"51013aae\" data-element_type=\"container\" data-e-type=\"container\">\n\t\t\t\t\t<div class=\"e-con-inner\">\n\t\t<div class=\"elementor-element elementor-element-157ca2a7 e-con-full e-flex e-con e-child\" data-id=\"157ca2a7\" data-element_type=\"container\" data-e-type=\"container\">\n\t\t\t\t<div class=\"elementor-element elementor-element-678443bf elementor-invisible elementor-widget elementor-widget-heading\" data-id=\"678443bf\" data-element_type=\"widget\" data-e-type=\"widget\" data-settings=\"{&quot;_animation&quot;:&quot;fadeInUp&quot;}\" data-widget_type=\"heading.default\">\n\t\t\t\t<div class=\"elementor-widget-container\">\n\t\t\t\t\t<h2 class=\"elementor-heading-title elementor-size-default\">Sprechen Sie direkt mit unseren Experten<\/h2>\t\t\t\t<\/div>\n\t\t\t\t<\/div>\n\t\t\t\t<div class=\"elementor-element elementor-element-775dff9d elementor-invisible elementor-widget elementor-widget-text-editor\" data-id=\"775dff9d\" data-element_type=\"widget\" data-e-type=\"widget\" data-settings=\"{&quot;_animation&quot;:&quot;fadeInUp&quot;}\" data-widget_type=\"text-editor.default\">\n\t\t\t\t<div class=\"elementor-widget-container\">\n\t\t\t\t\t\t\t\t\tHaben Sie Fragen zu unseren Dienstleistungen oder ben\u00f6tigen Sie eine individuelle Beratung? F\u00fcllen Sie einfach das untenstehende Formular aus, und unser Team wird sich umgehend mit Ihnen in Verbindung setzen, um Ihre Immobilienbed\u00fcrfnisse zu besprechen.\t\t\t\t\t\t\t\t<\/div>\n\t\t\t\t<\/div>\n\t\t<div class=\"elementor-element elementor-element-23cc62e6 e-flex e-con-boxed e-con e-child\" data-id=\"23cc62e6\" data-element_type=\"container\" data-e-type=\"container\">\n\t\t\t\t\t<div class=\"e-con-inner\">\n\t\t<div class=\"elementor-element elementor-element-6af40a18 e-flex e-con-boxed e-con e-child\" data-id=\"6af40a18\" data-element_type=\"container\" data-e-type=\"container\">\n\t\t\t\t\t<div class=\"e-con-inner\">\n\t\t\t\t<div class=\"elementor-element elementor-element-2a5e8d8 elementor-invisible elementor-widget elementor-widget-heading\" data-id=\"2a5e8d8\" data-element_type=\"widget\" data-e-type=\"widget\" data-settings=\"{&quot;_animation&quot;:&quot;fadeInUp&quot;}\" data-widget_type=\"heading.default\">\n\t\t\t\t<div class=\"elementor-widget-container\">\n\t\t\t\t\t<h3 class=\"elementor-heading-title elementor-size-default\">Hauptsitz Limburg<\/h3>\t\t\t\t<\/div>\n\t\t\t\t<\/div>\n\t\t\t\t<div class=\"elementor-element elementor-element-8cf97fe elementor-icon-list--layout-traditional elementor-list-item-link-full_width elementor-invisible elementor-widget elementor-widget-global elementor-global-350 elementor-widget-icon-list\" data-id=\"8cf97fe\" data-element_type=\"widget\" data-e-type=\"widget\" data-settings=\"{&quot;_animation&quot;:&quot;fadeInUp&quot;}\" data-widget_type=\"icon-list.default\">\n\t\t\t\t<div class=\"elementor-widget-container\">\n\t\t\t\t\t\t\t<ul class=\"elementor-icon-list-items\">\n\t\t\t\t\t\t\t<li class=\"elementor-icon-list-item\">\n\t\t\t\t\t\t\t\t\t\t\t<a href=\"mailto:info@ep-partners.com\">\n\n\t\t\t\t\t\t\t\t\t\t\t\t<span class=\"elementor-icon-list-icon\">\n\t\t\t\t\t\t\t<svg aria-hidden=\"true\" class=\"e-font-icon-svg e-far-envelope\" viewBox=\"0 0 512 512\" xmlns=\"http:\/\/www.w3.org\/2000\/svg\"><path d=\"M464 64H48C21.49 64 0 85.49 0 112v288c0 26.51 21.49 48 48 48h416c26.51 0 48-21.49 48-48V112c0-26.51-21.49-48-48-48zm0 48v40.805c-22.422 18.259-58.168 46.651-134.587 106.49-16.841 13.247-50.201 45.072-73.413 44.701-23.208.375-56.579-31.459-73.413-44.701C106.18 199.465 70.425 171.067 48 152.805V112h416zM48 400V214.398c22.914 18.251 55.409 43.862 104.938 82.646 21.857 17.205 60.134 55.186 103.062 54.955 42.717.231 80.509-37.199 103.053-54.947 49.528-38.783 82.032-64.401 104.947-82.653V400H48z\"><\/path><\/svg>\t\t\t\t\t\t<\/span>\n\t\t\t\t\t\t\t\t\t\t<span class=\"elementor-icon-list-text\">info@ep-partners.com<\/span>\n\t\t\t\t\t\t\t\t\t\t\t<\/a>\n\t\t\t\t\t\t\t\t\t<\/li>\n\t\t\t\t\t\t\t\t<li class=\"elementor-icon-list-item\">\n\t\t\t\t\t\t\t\t\t\t\t<a href=\"tel:+496431280770\">\n\n\t\t\t\t\t\t\t\t\t\t\t\t<span class=\"elementor-icon-list-icon\">\n\t\t\t\t\t\t\t<svg aria-hidden=\"true\" class=\"e-font-icon-svg e-fas-phone-alt\" viewBox=\"0 0 512 512\" xmlns=\"http:\/\/www.w3.org\/2000\/svg\"><path d=\"M497.39 361.8l-112-48a24 24 0 0 0-28 6.9l-49.6 60.6A370.66 370.66 0 0 1 130.6 204.11l60.6-49.6a23.94 23.94 0 0 0 6.9-28l-48-112A24.16 24.16 0 0 0 122.6.61l-104 24A24 24 0 0 0 0 48c0 256.5 207.9 464 464 464a24 24 0 0 0 23.4-18.6l24-104a24.29 24.29 0 0 0-14.01-27.6z\"><\/path><\/svg>\t\t\t\t\t\t<\/span>\n\t\t\t\t\t\t\t\t\t\t<span class=\"elementor-icon-list-text\">+49 6431 280770<\/span>\n\t\t\t\t\t\t\t\t\t\t\t<\/a>\n\t\t\t\t\t\t\t\t\t<\/li>\n\t\t\t\t\t\t\t\t<li class=\"elementor-icon-list-item\">\n\t\t\t\t\t\t\t\t\t\t\t<span class=\"elementor-icon-list-icon\">\n\t\t\t\t\t\t\t<svg aria-hidden=\"true\" class=\"e-font-icon-svg e-far-map\" viewBox=\"0 0 576 512\" xmlns=\"http:\/\/www.w3.org\/2000\/svg\"><path d=\"M560.02 32c-1.96 0-3.98.37-5.96 1.16L384.01 96H384L212 35.28A64.252 64.252 0 0 0 191.76 32c-6.69 0-13.37 1.05-19.81 3.14L20.12 87.95A32.006 32.006 0 0 0 0 117.66v346.32C0 473.17 7.53 480 15.99 480c1.96 0 3.97-.37 5.96-1.16L192 416l172 60.71a63.98 63.98 0 0 0 40.05.15l151.83-52.81A31.996 31.996 0 0 0 576 394.34V48.02c0-9.19-7.53-16.02-15.98-16.02zM224 90.42l128 45.19v285.97l-128-45.19V90.42zM48 418.05V129.07l128-44.53v286.2l-.64.23L48 418.05zm480-35.13l-128 44.53V141.26l.64-.24L528 93.95v288.97z\"><\/path><\/svg>\t\t\t\t\t\t<\/span>\n\t\t\t\t\t\t\t\t\t\t<span class=\"elementor-icon-list-text\">Sackgasse 8, 65549 Limburg a. d. Lahn<\/span>\n\t\t\t\t\t\t\t\t\t<\/li>\n\t\t\t\t\t\t<\/ul>\n\t\t\t\t\t\t<\/div>\n\t\t\t\t<\/div>\n\t\t\t\t\t<\/div>\n\t\t\t\t<\/div>\n\t\t\t\t\t<\/div>\n\t\t\t\t<\/div>\n\t\t\t\t<\/div>\n\t\t<div class=\"elementor-element elementor-element-1337ce39 e-con-full e-flex elementor-invisible e-con e-child\" data-id=\"1337ce39\" data-element_type=\"container\" data-e-type=\"container\" data-settings=\"{&quot;animation&quot;:&quot;fadeInUp&quot;}\">\n\t\t\t\t<div class=\"elementor-element elementor-element-41b91b3 elementor-button-align-start elementor-widget elementor-widget-global elementor-global-157 elementor-widget-form\" data-id=\"41b91b3\" data-element_type=\"widget\" data-e-type=\"widget\" data-settings=\"{&quot;step_next_label&quot;:&quot;Next&quot;,&quot;step_previous_label&quot;:&quot;Previous&quot;,&quot;button_width&quot;:&quot;100&quot;,&quot;step_type&quot;:&quot;number_text&quot;,&quot;step_icon_shape&quot;:&quot;circle&quot;}\" data-widget_type=\"form.default\">\n\t\t\t\t<div class=\"elementor-widget-container\">\n\t\t\t\t\t\t\t<form class=\"elementor-form\" method=\"post\" name=\"Contact Form Allgemein\" aria-label=\"Contact Form Allgemein\">\n\t\t\t<input type=\"hidden\" name=\"post_id\" value=\"137\"\/>\n\t\t\t<input type=\"hidden\" name=\"form_id\" value=\"41b91b3\"\/>\n\t\t\t<input type=\"hidden\" name=\"referer_title\" value=\"EPP European Property Partners\" \/>\n\n\t\t\t\n\t\t\t<div class=\"elementor-form-fields-wrapper elementor-labels-above\">\n\t\t\t\t\t\t\t\t<div class=\"elementor-field-type-text elementor-field-group elementor-column elementor-field-group-name elementor-col-50 elementor-field-required\">\n\t\t\t\t\t\t\t\t\t\t\t\t<label for=\"form-field-name\" class=\"elementor-field-label\">\n\t\t\t\t\t\t\t\tVorname\t\t\t\t\t\t\t<\/label>\n\t\t\t\t\t\t\t\t\t\t\t\t\t\t<input size=\"1\" type=\"text\" name=\"form_fields[name]\" id=\"form-field-name\" class=\"elementor-field elementor-size-sm  elementor-field-textual\" placeholder=\"Ihr Vorname\" required=\"required\">\n\t\t\t\t\t\t\t\t\t\t\t<\/div>\n\t\t\t\t\t\t\t\t<div class=\"elementor-field-type-text elementor-field-group elementor-column elementor-field-group-field_8925c36 elementor-col-50 elementor-field-required\">\n\t\t\t\t\t\t\t\t\t\t\t\t<label for=\"form-field-field_8925c36\" class=\"elementor-field-label\">\n\t\t\t\t\t\t\t\tNachname\t\t\t\t\t\t\t<\/label>\n\t\t\t\t\t\t\t\t\t\t\t\t\t\t<input size=\"1\" type=\"text\" name=\"form_fields[field_8925c36]\" id=\"form-field-field_8925c36\" class=\"elementor-field elementor-size-sm  elementor-field-textual\" placeholder=\"Ihr Nachname\" required=\"required\">\n\t\t\t\t\t\t\t\t\t\t\t<\/div>\n\t\t\t\t\t\t\t\t<div class=\"elementor-field-type-tel elementor-field-group elementor-column elementor-field-group-field_fc7ea03 elementor-col-50\">\n\t\t\t\t\t\t\t\t\t\t\t\t<label for=\"form-field-field_fc7ea03\" class=\"elementor-field-label\">\n\t\t\t\t\t\t\t\tTelefonnummer\t\t\t\t\t\t\t<\/label>\n\t\t\t\t\t\t\t\t<input size=\"1\" type=\"tel\" name=\"form_fields[field_fc7ea03]\" id=\"form-field-field_fc7ea03\" class=\"elementor-field elementor-size-sm  elementor-field-textual\" placeholder=\"Ihre Telefonnummer\" pattern=\"[0-9()#&amp;+*-=.]+\" title=\"Nur Nummern oder Telefon-Zeichen (#, -, *, etc) werden akzeptiert.\">\n\n\t\t\t\t\t\t<\/div>\n\t\t\t\t\t\t\t\t<div class=\"elementor-field-type-email elementor-field-group elementor-column elementor-field-group-field_4843be7 elementor-col-50 elementor-field-required\">\n\t\t\t\t\t\t\t\t\t\t\t\t<label for=\"form-field-field_4843be7\" class=\"elementor-field-label\">\n\t\t\t\t\t\t\t\tE-Mail\t\t\t\t\t\t\t<\/label>\n\t\t\t\t\t\t\t\t\t\t\t\t\t\t<input size=\"1\" type=\"email\" name=\"form_fields[field_4843be7]\" id=\"form-field-field_4843be7\" class=\"elementor-field elementor-size-sm  elementor-field-textual\" placeholder=\"Ihre E-Mail\" required=\"required\">\n\t\t\t\t\t\t\t\t\t\t\t<\/div>\n\t\t\t\t\t\t\t\t<div class=\"elementor-field-type-textarea elementor-field-group elementor-column elementor-field-group-field_8eb5b87 elementor-col-100 elementor-field-required\">\n\t\t\t\t\t\t\t\t\t\t\t\t<label for=\"form-field-field_8eb5b87\" class=\"elementor-field-label\">\n\t\t\t\t\t\t\t\tNachricht\t\t\t\t\t\t\t<\/label>\n\t\t\t\t\t\t<textarea class=\"elementor-field-textual elementor-field  elementor-size-sm\" name=\"form_fields[field_8eb5b87]\" id=\"form-field-field_8eb5b87\" rows=\"6\" placeholder=\"Ihre Nachricht hier...\" required=\"required\"><\/textarea>\t\t\t\t<\/div>\n\t\t\t\t\t\t\t\t<div class=\"elementor-field-type-recaptcha_v3 elementor-field-group elementor-column elementor-field-group-field_d823c9d elementor-col-100 recaptcha_v3-inline\">\n\t\t\t\t\t<div class=\"elementor-field\" id=\"form-field-field_d823c9d\"><div class=\"elementor-g-recaptcha\" data-sitekey=\"6Lezc2gqAAAAANjz3CR_5u_P-inUg_qgfbC9gl9O\" data-type=\"v3\" data-action=\"Form\" data-badge=\"inline\" data-size=\"invisible\"><\/div><\/div>\t\t\t\t<\/div>\n\t\t\t\t\t\t\t\t<div class=\"elementor-field-type-acceptance elementor-field-group elementor-column elementor-field-group-field_d4bc9b9 elementor-col-100 elementor-field-required\">\n\t\t\t\t\t\t\t<div class=\"elementor-field-subgroup\">\n\t\t\t<span class=\"elementor-field-option\">\n\t\t\t\t<input type=\"checkbox\" name=\"form_fields[field_d4bc9b9]\" id=\"form-field-field_d4bc9b9\" class=\"elementor-field elementor-size-sm  elementor-acceptance-field\" required=\"required\">\n\t\t\t\t<label for=\"form-field-field_d4bc9b9\">Ich akzeptiere die <a href=\"https:\/\/www.ep-partners.com\/de\/datenschutzerklaerung\" target=\"_blank\">Datenschutzerkl\u00e4rung.<\/a><\/label>\t\t\t<\/span>\n\t\t<\/div>\n\t\t\t\t\t\t<\/div>\n\t\t\t\t\t\t\t\t<div class=\"elementor-field-group elementor-column elementor-field-type-submit elementor-col-100 e-form__buttons\">\n\t\t\t\t\t<button class=\"elementor-button elementor-size-sm elementor-animation-float\" type=\"submit\">\n\t\t\t\t\t\t<span class=\"elementor-button-content-wrapper\">\n\t\t\t\t\t\t\t\t\t\t\t\t\t\t\t\t\t\t\t\t\t\t<span class=\"elementor-button-text\">Anfrage senden<\/span>\n\t\t\t\t\t\t\t\t\t\t\t\t\t<\/span>\n\t\t\t\t\t<\/button>\n\t\t\t\t<\/div>\n\t\t\t<\/div>\n\t\t<\/form>\n\t\t\t\t\t\t<\/div>\n\t\t\t\t<\/div>\n\t\t\t\t<\/div>\n\t\t\t\t\t<\/div>\n\t\t\t\t<\/div>\n\t\t<div class=\"elementor-element elementor-element-23180f29 e-flex e-con-boxed e-con e-parent\" data-id=\"23180f29\" data-element_type=\"container\" data-e-type=\"container\">\n\t\t\t\t\t<div class=\"e-con-inner\">\n\t\t\t\t<div class=\"elementor-element elementor-element-7ff393b6 elementor-invisible elementor-widget elementor-widget-google_maps\" data-id=\"7ff393b6\" data-element_type=\"widget\" data-e-type=\"widget\" data-settings=\"{&quot;_animation&quot;:&quot;fadeIn&quot;}\" data-widget_type=\"google_maps.default\">\n\t\t\t\t<div class=\"elementor-widget-container\">\n\t\t\t\t\t\t\t<div class=\"elementor-custom-embed\">\n\t\t\t<iframe loading=\"lazy\"\n\t\t\t\t\tsrc=\"https:\/\/maps.google.com\/maps?q=EPP%20European%20Property%20Partners%20GmbH%2C%20Sackgasse%206%2C%2065549%20Limburg%20an%20der%20Lahn&#038;t=m&#038;z=16&#038;output=embed&#038;iwloc=near\"\n\t\t\t\t\ttitle=\"EPP European Property Partners GmbH, Sackgasse 6, 65549 Limburg an der Lahn\"\n\t\t\t\t\taria-label=\"EPP European Property Partners GmbH, Sackgasse 6, 65549 Limburg an der Lahn\"\n\t\t\t><\/iframe>\n\t\t<\/div>\n\t\t\t\t\t\t<\/div>\n\t\t\t\t<\/div>\n\t\t\t\t\t<\/div>\n\t\t\t\t<\/div>\n\t\t\t\t<\/div>\n\t\t","protected":false},"excerpt":{"rendered":"<p>Kontaktieren Sie uns Lassen Sie uns ins Gespr\u00e4ch kommen Sprechen Sie direkt mit unseren Experten Haben Sie Fragen zu unseren Dienstleistungen oder ben\u00f6tigen Sie eine individuelle Beratung? F\u00fcllen Sie einfach das untenstehende Formular aus, und unser Team wird sich umgehend mit Ihnen in Verbindung setzen, um Ihre Immobilienbed\u00fcrfnisse zu besprechen. Hauptsitz Limburg info@ep-partners.com +49 6431 [&hellip;]<\/p>\n","protected":false},"author":1,"featured_media":0,"parent":0,"menu_order":0,"comment_status":"closed","ping_status":"closed","template":"elementor_header_footer","meta":{"footnotes":""},"class_list":["post-137","page","type-page","status-publish","hentry"],"yoast_head":"<!-- This site is optimized with the Yoast SEO plugin v27.5 - https:\/\/yoast.com\/product\/yoast-seo-wordpress\/ -->\n<title>Kontakt - EPP European Property Partners<\/title>\n<meta name=\"description\" content=\"Kontaktieren Sie EPP f\u00fcr ma\u00dfgeschneiderte Immobilienl\u00f6sungen \u2713 \u00dcber 10 Jahre Erfahrung im Immobiliengesch\u00e4ft \u25b7 Individuelle Beratung und Unterst\u00fctzung \u271a Jetzt Kontakt aufnehmen \u27a8 Wir sind f\u00fcr Sie da!\" \/>\n<meta name=\"robots\" content=\"index, follow, max-snippet:-1, max-image-preview:large, max-video-preview:-1\" \/>\n<link rel=\"canonical\" href=\"https:\/\/www.ep-partners.com\/de\/kontakt\/\" \/>\n<meta property=\"og:locale\" content=\"de_DE\" \/>\n<meta property=\"og:type\" content=\"article\" \/>\n<meta property=\"og:title\" content=\"Kontakt - EPP European Property Partners\" \/>\n<meta property=\"og:description\" content=\"Kontaktieren Sie EPP f\u00fcr ma\u00dfgeschneiderte Immobilienl\u00f6sungen \u2713 \u00dcber 10 Jahre Erfahrung im Immobiliengesch\u00e4ft \u25b7 Individuelle Beratung und Unterst\u00fctzung \u271a Jetzt Kontakt aufnehmen \u27a8 Wir sind f\u00fcr Sie da!\" \/>\n<meta property=\"og:url\" content=\"https:\/\/www.ep-partners.com\/de\/kontakt\/\" \/>\n<meta property=\"og:site_name\" content=\"EPP European Property Partners\" \/>\n<meta property=\"article:modified_time\" content=\"2025-04-09T04:47:40+00:00\" \/>\n<meta name=\"twitter:card\" content=\"summary_large_image\" \/>\n<meta name=\"twitter:label1\" content=\"Gesch\u00e4tzte Lesezeit\" \/>\n\t<meta name=\"twitter:data1\" content=\"1\u00a0Minute\" \/>\n<script type=\"application\/ld+json\" class=\"yoast-schema-graph\">{\"@context\":\"https:\\\/\\\/schema.org\",\"@graph\":[{\"@type\":\"WebPage\",\"@id\":\"https:\\\/\\\/www.ep-partners.com\\\/de\\\/kontakt\\\/\",\"url\":\"https:\\\/\\\/www.ep-partners.com\\\/de\\\/kontakt\\\/\",\"name\":\"Kontakt - EPP European Property Partners\",\"isPartOf\":{\"@id\":\"https:\\\/\\\/www.ep-partners.com\\\/de\\\/#website\"},\"datePublished\":\"2024-06-26T12:31:56+00:00\",\"dateModified\":\"2025-04-09T04:47:40+00:00\",\"description\":\"Kontaktieren Sie EPP f\u00fcr ma\u00dfgeschneiderte Immobilienl\u00f6sungen \u2713 \u00dcber 10 Jahre Erfahrung im Immobiliengesch\u00e4ft \u25b7 Individuelle Beratung und Unterst\u00fctzung \u271a Jetzt Kontakt aufnehmen \u27a8 Wir sind f\u00fcr Sie da!\",\"breadcrumb\":{\"@id\":\"https:\\\/\\\/www.ep-partners.com\\\/de\\\/kontakt\\\/#breadcrumb\"},\"inLanguage\":\"de\",\"potentialAction\":[{\"@type\":\"ReadAction\",\"target\":[\"https:\\\/\\\/www.ep-partners.com\\\/de\\\/kontakt\\\/\"]}]},{\"@type\":\"BreadcrumbList\",\"@id\":\"https:\\\/\\\/www.ep-partners.com\\\/de\\\/kontakt\\\/#breadcrumb\",\"itemListElement\":[{\"@type\":\"ListItem\",\"position\":1,\"name\":\"Home\",\"item\":\"https:\\\/\\\/www.ep-partners.com\\\/de\\\/\"},{\"@type\":\"ListItem\",\"position\":2,\"name\":\"Kontakt\"}]},{\"@type\":\"WebSite\",\"@id\":\"https:\\\/\\\/www.ep-partners.com\\\/de\\\/#website\",\"url\":\"https:\\\/\\\/www.ep-partners.com\\\/de\\\/\",\"name\":\"EPP European Property Partners\",\"description\":\"Ihr Verm\u00f6gen in besten H\u00e4nden\",\"publisher\":{\"@id\":\"https:\\\/\\\/www.ep-partners.com\\\/de\\\/#organization\"},\"alternateName\":\"EPP\",\"potentialAction\":[{\"@type\":\"SearchAction\",\"target\":{\"@type\":\"EntryPoint\",\"urlTemplate\":\"https:\\\/\\\/www.ep-partners.com\\\/de\\\/?s={search_term_string}\"},\"query-input\":{\"@type\":\"PropertyValueSpecification\",\"valueRequired\":true,\"valueName\":\"search_term_string\"}}],\"inLanguage\":\"de\"},{\"@type\":\"Organization\",\"@id\":\"https:\\\/\\\/www.ep-partners.com\\\/de\\\/#organization\",\"name\":\"EPP European Property Partners GmbH\",\"alternateName\":\"EPP\",\"url\":\"https:\\\/\\\/www.ep-partners.com\\\/de\\\/\",\"logo\":{\"@type\":\"ImageObject\",\"inLanguage\":\"de\",\"@id\":\"https:\\\/\\\/www.ep-partners.com\\\/de\\\/#\\\/schema\\\/logo\\\/image\\\/\",\"url\":\"https:\\\/\\\/www.ep-partners.com\\\/wp-content\\\/uploads\\\/2024\\\/06\\\/EPP-Logo-BLK.svg\",\"contentUrl\":\"https:\\\/\\\/www.ep-partners.com\\\/wp-content\\\/uploads\\\/2024\\\/06\\\/EPP-Logo-BLK.svg\",\"width\":399,\"height\":116,\"caption\":\"EPP European Property Partners GmbH\"},\"image\":{\"@id\":\"https:\\\/\\\/www.ep-partners.com\\\/de\\\/#\\\/schema\\\/logo\\\/image\\\/\"}}]}<\/script>\n<!-- \/ Yoast SEO plugin. -->","yoast_head_json":{"title":"Kontakt - EPP European Property Partners","description":"Kontaktieren Sie EPP f\u00fcr ma\u00dfgeschneiderte Immobilienl\u00f6sungen \u2713 \u00dcber 10 Jahre Erfahrung im Immobiliengesch\u00e4ft \u25b7 Individuelle Beratung und Unterst\u00fctzung \u271a Jetzt Kontakt aufnehmen \u27a8 Wir sind f\u00fcr Sie da!","robots":{"index":"index","follow":"follow","max-snippet":"max-snippet:-1","max-image-preview":"max-image-preview:large","max-video-preview":"max-video-preview:-1"},"canonical":"https:\/\/www.ep-partners.com\/de\/kontakt\/","og_locale":"de_DE","og_type":"article","og_title":"Kontakt - EPP European Property Partners","og_description":"Kontaktieren Sie EPP f\u00fcr ma\u00dfgeschneiderte Immobilienl\u00f6sungen \u2713 \u00dcber 10 Jahre Erfahrung im Immobiliengesch\u00e4ft \u25b7 Individuelle Beratung und Unterst\u00fctzung \u271a Jetzt Kontakt aufnehmen \u27a8 Wir sind f\u00fcr Sie da!","og_url":"https:\/\/www.ep-partners.com\/de\/kontakt\/","og_site_name":"EPP European Property Partners","article_modified_time":"2025-04-09T04:47:40+00:00","twitter_card":"summary_large_image","twitter_misc":{"Gesch\u00e4tzte Lesezeit":"1\u00a0Minute"},"schema":{"@context":"https:\/\/schema.org","@graph":[{"@type":"WebPage","@id":"https:\/\/www.ep-partners.com\/de\/kontakt\/","url":"https:\/\/www.ep-partners.com\/de\/kontakt\/","name":"Kontakt - EPP European Property Partners","isPartOf":{"@id":"https:\/\/www.ep-partners.com\/de\/#website"},"datePublished":"2024-06-26T12:31:56+00:00","dateModified":"2025-04-09T04:47:40+00:00","description":"Kontaktieren Sie EPP f\u00fcr ma\u00dfgeschneiderte Immobilienl\u00f6sungen \u2713 \u00dcber 10 Jahre Erfahrung im Immobiliengesch\u00e4ft \u25b7 Individuelle Beratung und Unterst\u00fctzung \u271a Jetzt Kontakt aufnehmen \u27a8 Wir sind f\u00fcr Sie da!","breadcrumb":{"@id":"https:\/\/www.ep-partners.com\/de\/kontakt\/#breadcrumb"},"inLanguage":"de","potentialAction":[{"@type":"ReadAction","target":["https:\/\/www.ep-partners.com\/de\/kontakt\/"]}]},{"@type":"BreadcrumbList","@id":"https:\/\/www.ep-partners.com\/de\/kontakt\/#breadcrumb","itemListElement":[{"@type":"ListItem","position":1,"name":"Home","item":"https:\/\/www.ep-partners.com\/de\/"},{"@type":"ListItem","position":2,"name":"Kontakt"}]},{"@type":"WebSite","@id":"https:\/\/www.ep-partners.com\/de\/#website","url":"https:\/\/www.ep-partners.com\/de\/","name":"EPP European Property Partners","description":"Ihr Verm\u00f6gen in besten H\u00e4nden","publisher":{"@id":"https:\/\/www.ep-partners.com\/de\/#organization"},"alternateName":"EPP","potentialAction":[{"@type":"SearchAction","target":{"@type":"EntryPoint","urlTemplate":"https:\/\/www.ep-partners.com\/de\/?s={search_term_string}"},"query-input":{"@type":"PropertyValueSpecification","valueRequired":true,"valueName":"search_term_string"}}],"inLanguage":"de"},{"@type":"Organization","@id":"https:\/\/www.ep-partners.com\/de\/#organization","name":"EPP European Property Partners GmbH","alternateName":"EPP","url":"https:\/\/www.ep-partners.com\/de\/","logo":{"@type":"ImageObject","inLanguage":"de","@id":"https:\/\/www.ep-partners.com\/de\/#\/schema\/logo\/image\/","url":"https:\/\/www.ep-partners.com\/wp-content\/uploads\/2024\/06\/EPP-Logo-BLK.svg","contentUrl":"https:\/\/www.ep-partners.com\/wp-content\/uploads\/2024\/06\/EPP-Logo-BLK.svg","width":399,"height":116,"caption":"EPP European Property Partners GmbH"},"image":{"@id":"https:\/\/www.ep-partners.com\/de\/#\/schema\/logo\/image\/"}}]}},"_links":{"self":[{"href":"https:\/\/www.ep-partners.com\/de\/wp-json\/wp\/v2\/pages\/137","targetHints":{"allow":["GET"]}}],"collection":[{"href":"https:\/\/www.ep-partners.com\/de\/wp-json\/wp\/v2\/pages"}],"about":[{"href":"https:\/\/www.ep-partners.com\/de\/wp-json\/wp\/v2\/types\/page"}],"author":[{"embeddable":true,"href":"https:\/\/www.ep-partners.com\/de\/wp-json\/wp\/v2\/users\/1"}],"replies":[{"embeddable":true,"href":"https:\/\/www.ep-partners.com\/de\/wp-json\/wp\/v2\/comments?post=137"}],"version-history":[{"count":11,"href":"https:\/\/www.ep-partners.com\/de\/wp-json\/wp\/v2\/pages\/137\/revisions"}],"predecessor-version":[{"id":2568,"href":"https:\/\/www.ep-partners.com\/de\/wp-json\/wp\/v2\/pages\/137\/revisions\/2568"}],"wp:attachment":[{"href":"https:\/\/www.ep-partners.com\/de\/wp-json\/wp\/v2\/media?parent=137"}],"curies":[{"name":"wp","href":"https:\/\/api.w.org\/{rel}","templated":true}]}}