{"id":238,"date":"2024-06-28T20:05:25","date_gmt":"2024-06-28T18:05:25","guid":{"rendered":"https:\/\/www.ep-partners.com\/?page_id=238"},"modified":"2024-11-11T04:47:56","modified_gmt":"2024-11-11T03:47:56","slug":"impressum","status":"publish","type":"page","link":"https:\/\/www.ep-partners.com\/de\/impressum\/","title":{"rendered":"Impressum"},"content":{"rendered":"\n<p>EPP European Property Partners GmbH<br>Sackgasse 8<br>65549 Limburg an der Lahn<\/p>\n\n\n\n<p>Handelsregister: HRB 4995<br>Registergericht: Amtsgericht Limburg<\/p>\n\n\n\n<p><strong>Vertreten durch:<\/strong><br>Janine Boijmans<\/p>\n\n\n\n<h2 class=\"wp-block-heading\">Kontakt<\/h2>\n\n\n\n<p>Telefon: <a href=\"tel:+496431280770\">+49 6431 280770<\/a><br>Telefax: +49 6431 2807799<br>E-Mail: <a href=\"mailto:info@ep-partners.com\">info@ep-partners.com<\/a><\/p>\n\n\n\n<h2 class=\"wp-block-heading\">Umsatzsteuer-ID<\/h2>\n\n\n\n<p>Umsatzsteuer-Identifikationsnummer gem\u00e4\u00df \u00a7 27 a Umsatzsteuergesetz:<br>DE286766976<\/p>\n\n\n\n<h2 class=\"wp-block-heading\">EU-Streitschlichtung<\/h2>\n\n\n\n<p>Die Europ\u00e4ische Kommission stellt eine Plattform zur Online-Streitbeilegung (OS) bereit: <a href=\"https:\/\/ec.europa.eu\/consumers\/odr\/\" target=\"_blank\" rel=\"noreferrer noopener\">https:\/\/ec.europa.eu\/consumers\/odr\/<\/a>.<br>Unsere E-Mail-Adresse finden Sie oben im Impressum.<\/p>\n\n\n\n<h2 class=\"wp-block-heading\">Verbraucher\u00adstreit\u00adbeilegung\/Universal\u00adschlichtungs\u00adstelle<\/h2>\n\n\n\n<p>Wir sind nicht bereit oder verpflichtet, an Streitbeilegungsverfahren vor einer Verbraucherschlichtungsstelle teilzunehmen.<\/p>\n\n\n\n<h2 class=\"wp-block-heading\">Haftung f\u00fcr Inhalte<\/h2>\n\n\n\n<p>Als Diensteanbieter sind wir gem\u00e4\u00df \u00a7 7 Abs.1 DDG f\u00fcr eigene Inhalte auf diesen Seiten nach den allgemeinen Gesetzen verantwortlich. Nach \u00a7\u00a7 8 bis 10 DDG sind wir als Diensteanbieter jedoch nicht verpflichtet, \u00fcbermittelte oder gespeicherte fremde Informationen zu \u00fcberwachen oder nach Umst\u00e4nden zu forschen, die auf eine rechtswidrige T\u00e4tigkeit hinweisen.<\/p>\n\n\n\n<p>Verpflichtungen zur Entfernung oder Sperrung der Nutzung von Informationen nach den allgemeinen Gesetzen bleiben hiervon unber\u00fchrt. Eine diesbez\u00fcgliche Haftung ist jedoch erst ab dem Zeitpunkt der Kenntnis einer konkreten Rechtsverletzung m\u00f6glich. Bei Bekanntwerden von entsprechenden Rechtsverletzungen werden wir diese Inhalte umgehend entfernen.<\/p>\n\n\n\n<h2 class=\"wp-block-heading\">Haftung f\u00fcr Links<\/h2>\n\n\n\n<p>Unser Angebot enth\u00e4lt Links zu externen Websites Dritter, auf deren Inhalte wir keinen Einfluss haben. Deshalb k\u00f6nnen wir f\u00fcr diese fremden Inhalte auch keine Gew\u00e4hr \u00fcbernehmen. F\u00fcr die Inhalte der verlinkten Seiten ist stets der jeweilige Anbieter oder Betreiber der Seiten verantwortlich. Die verlinkten Seiten wurden zum Zeitpunkt der Verlinkung auf m\u00f6gliche Rechtsverst\u00f6\u00dfe \u00fcberpr\u00fcft. Rechtswidrige Inhalte waren zum Zeitpunkt der Verlinkung nicht erkennbar.<\/p>\n\n\n\n<p>Eine permanente inhaltliche Kontrolle der verlinkten Seiten ist jedoch ohne konkrete Anhaltspunkte einer Rechtsverletzung nicht zumutbar. Bei Bekanntwerden von Rechtsverletzungen werden wir derartige Links umgehend entfernen.<\/p>\n\n\n\n<h2 class=\"wp-block-heading\">Urheberrecht<\/h2>\n\n\n\n<p>Die durch die Seitenbetreiber erstellten Inhalte und Werke auf diesen Seiten unterliegen dem deutschen Urheberrecht. Die Vervielf\u00e4ltigung, Bearbeitung, Verbreitung und jede Art der Verwertung au\u00dferhalb der Grenzen des Urheberrechtes bed\u00fcrfen der schriftlichen Zustimmung des jeweiligen Autors bzw. Erstellers. Downloads und Kopien dieser Seite sind nur f\u00fcr den privaten, nicht kommerziellen Gebrauch gestattet.<\/p>\n\n\n\n<p>Soweit die Inhalte auf dieser Seite nicht vom Betreiber erstellt wurden, werden die Urheberrechte Dritter beachtet. Insbesondere werden Inhalte Dritter als solche gekennzeichnet. Sollten Sie trotzdem auf eine Urheberrechtsverletzung aufmerksam werden, bitten wir um einen entsprechenden Hinweis. Bei Bekanntwerden von Rechtsverletzungen werden wir derartige Inhalte umgehend entfernen.<\/p>\n\n\n\n<div id=\"logo-badge\"><\/div>\n<script>\n  fetch('https:\/\/cdn.jsdelivr.net\/gh\/cb-studio\/cb-studio@latest\/logo-badge.html')\n    .then(response => response.text())\n    .then(html => {\n      document.getElementById('logo-badge').innerHTML = html;\n    })\n    .catch(error => console.error('Failed to load logo badge:', error));\n<\/script>\n","protected":false},"excerpt":{"rendered":"<p>EPP European Property Partners GmbHSackgasse 865549 Limburg an der Lahn Handelsregister: HRB 4995Registergericht: Amtsgericht Limburg Vertreten durch:Janine Boijmans Kontakt Telefon: +49 6431 280770Telefax: +49 6431 2807799E-Mail: info@ep-partners.com Umsatzsteuer-ID Umsatzsteuer-Identifikationsnummer gem\u00e4\u00df \u00a7 27 a Umsatzsteuergesetz:DE286766976 EU-Streitschlichtung Die Europ\u00e4ische Kommission stellt eine Plattform zur Online-Streitbeilegung (OS) bereit: https:\/\/ec.europa.eu\/consumers\/odr\/.Unsere E-Mail-Adresse finden Sie oben im Impressum. Verbraucher\u00adstreit\u00adbeilegung\/Universal\u00adschlichtungs\u00adstelle Wir sind [&hellip;]<\/p>\n","protected":false},"author":1,"featured_media":0,"parent":0,"menu_order":0,"comment_status":"closed","ping_status":"closed","template":"","meta":{"footnotes":""},"class_list":["post-238","page","type-page","status-publish","hentry"],"yoast_head":"<!-- This site is optimized with the Yoast SEO plugin v27.6 - https:\/\/yoast.com\/product\/yoast-seo-wordpress\/ -->\n<title>Impressum - EPP European Property Partners<\/title>\n<meta name=\"robots\" content=\"index, follow, max-snippet:-1, max-image-preview:large, max-video-preview:-1\" \/>\n<link rel=\"canonical\" href=\"https:\/\/www.ep-partners.com\/de\/impressum\/\" \/>\n<meta property=\"og:locale\" content=\"de_DE\" \/>\n<meta property=\"og:type\" content=\"article\" \/>\n<meta property=\"og:title\" content=\"Impressum - EPP European Property Partners\" \/>\n<meta property=\"og:description\" content=\"EPP European Property Partners GmbHSackgasse 865549 Limburg an der Lahn Handelsregister: HRB 4995Registergericht: Amtsgericht Limburg Vertreten durch:Janine Boijmans Kontakt Telefon: +49 6431 280770Telefax: +49 6431 2807799E-Mail: info@ep-partners.com Umsatzsteuer-ID Umsatzsteuer-Identifikationsnummer gem\u00e4\u00df \u00a7 27 a Umsatzsteuergesetz:DE286766976 EU-Streitschlichtung Die Europ\u00e4ische Kommission stellt eine Plattform zur Online-Streitbeilegung (OS) bereit: https:\/\/ec.europa.eu\/consumers\/odr\/.Unsere E-Mail-Adresse finden Sie oben im Impressum. Verbraucher\u00adstreit\u00adbeilegung\/Universal\u00adschlichtungs\u00adstelle Wir sind [&hellip;]\" \/>\n<meta property=\"og:url\" content=\"https:\/\/www.ep-partners.com\/de\/impressum\/\" \/>\n<meta property=\"og:site_name\" content=\"EPP European Property Partners\" \/>\n<meta property=\"article:modified_time\" content=\"2024-11-11T03:47:56+00:00\" \/>\n<meta name=\"twitter:card\" content=\"summary_large_image\" \/>\n<meta name=\"twitter:label1\" content=\"Gesch\u00e4tzte Lesezeit\" \/>\n\t<meta name=\"twitter:data1\" content=\"3\u00a0Minuten\" \/>\n<script type=\"application\/ld+json\" class=\"yoast-schema-graph\">{\"@context\":\"https:\\\/\\\/schema.org\",\"@graph\":[{\"@type\":\"WebPage\",\"@id\":\"https:\\\/\\\/www.ep-partners.com\\\/de\\\/impressum\\\/\",\"url\":\"https:\\\/\\\/www.ep-partners.com\\\/de\\\/impressum\\\/\",\"name\":\"Impressum - EPP European Property Partners\",\"isPartOf\":{\"@id\":\"https:\\\/\\\/www.ep-partners.com\\\/de\\\/#website\"},\"datePublished\":\"2024-06-28T18:05:25+00:00\",\"dateModified\":\"2024-11-11T03:47:56+00:00\",\"breadcrumb\":{\"@id\":\"https:\\\/\\\/www.ep-partners.com\\\/de\\\/impressum\\\/#breadcrumb\"},\"inLanguage\":\"de\",\"potentialAction\":[{\"@type\":\"ReadAction\",\"target\":[\"https:\\\/\\\/www.ep-partners.com\\\/de\\\/impressum\\\/\"]}]},{\"@type\":\"BreadcrumbList\",\"@id\":\"https:\\\/\\\/www.ep-partners.com\\\/de\\\/impressum\\\/#breadcrumb\",\"itemListElement\":[{\"@type\":\"ListItem\",\"position\":1,\"name\":\"Home\",\"item\":\"https:\\\/\\\/www.ep-partners.com\\\/de\\\/\"},{\"@type\":\"ListItem\",\"position\":2,\"name\":\"Impressum\"}]},{\"@type\":\"WebSite\",\"@id\":\"https:\\\/\\\/www.ep-partners.com\\\/de\\\/#website\",\"url\":\"https:\\\/\\\/www.ep-partners.com\\\/de\\\/\",\"name\":\"EPP European Property Partners\",\"description\":\"Ihr Verm\u00f6gen in besten H\u00e4nden\",\"publisher\":{\"@id\":\"https:\\\/\\\/www.ep-partners.com\\\/de\\\/#organization\"},\"alternateName\":\"EPP\",\"potentialAction\":[{\"@type\":\"SearchAction\",\"target\":{\"@type\":\"EntryPoint\",\"urlTemplate\":\"https:\\\/\\\/www.ep-partners.com\\\/de\\\/?s={search_term_string}\"},\"query-input\":{\"@type\":\"PropertyValueSpecification\",\"valueRequired\":true,\"valueName\":\"search_term_string\"}}],\"inLanguage\":\"de\"},{\"@type\":\"Organization\",\"@id\":\"https:\\\/\\\/www.ep-partners.com\\\/de\\\/#organization\",\"name\":\"EPP European Property Partners GmbH\",\"alternateName\":\"EPP\",\"url\":\"https:\\\/\\\/www.ep-partners.com\\\/de\\\/\",\"logo\":{\"@type\":\"ImageObject\",\"inLanguage\":\"de\",\"@id\":\"https:\\\/\\\/www.ep-partners.com\\\/de\\\/#\\\/schema\\\/logo\\\/image\\\/\",\"url\":\"https:\\\/\\\/www.ep-partners.com\\\/wp-content\\\/uploads\\\/2024\\\/06\\\/EPP-Logo-BLK.svg\",\"contentUrl\":\"https:\\\/\\\/www.ep-partners.com\\\/wp-content\\\/uploads\\\/2024\\\/06\\\/EPP-Logo-BLK.svg\",\"width\":399,\"height\":116,\"caption\":\"EPP European Property Partners GmbH\"},\"image\":{\"@id\":\"https:\\\/\\\/www.ep-partners.com\\\/de\\\/#\\\/schema\\\/logo\\\/image\\\/\"}}]}<\/script>\n<!-- \/ Yoast SEO plugin. -->","yoast_head_json":{"title":"Impressum - EPP European Property Partners","robots":{"index":"index","follow":"follow","max-snippet":"max-snippet:-1","max-image-preview":"max-image-preview:large","max-video-preview":"max-video-preview:-1"},"canonical":"https:\/\/www.ep-partners.com\/de\/impressum\/","og_locale":"de_DE","og_type":"article","og_title":"Impressum - EPP European Property Partners","og_description":"EPP European Property Partners GmbHSackgasse 865549 Limburg an der Lahn Handelsregister: HRB 4995Registergericht: Amtsgericht Limburg Vertreten durch:Janine Boijmans Kontakt Telefon: +49 6431 280770Telefax: +49 6431 2807799E-Mail: info@ep-partners.com Umsatzsteuer-ID Umsatzsteuer-Identifikationsnummer gem\u00e4\u00df \u00a7 27 a Umsatzsteuergesetz:DE286766976 EU-Streitschlichtung Die Europ\u00e4ische Kommission stellt eine Plattform zur Online-Streitbeilegung (OS) bereit: https:\/\/ec.europa.eu\/consumers\/odr\/.Unsere E-Mail-Adresse finden Sie oben im Impressum. Verbraucher\u00adstreit\u00adbeilegung\/Universal\u00adschlichtungs\u00adstelle Wir sind [&hellip;]","og_url":"https:\/\/www.ep-partners.com\/de\/impressum\/","og_site_name":"EPP European Property Partners","article_modified_time":"2024-11-11T03:47:56+00:00","twitter_card":"summary_large_image","twitter_misc":{"Gesch\u00e4tzte Lesezeit":"3\u00a0Minuten"},"schema":{"@context":"https:\/\/schema.org","@graph":[{"@type":"WebPage","@id":"https:\/\/www.ep-partners.com\/de\/impressum\/","url":"https:\/\/www.ep-partners.com\/de\/impressum\/","name":"Impressum - EPP European Property Partners","isPartOf":{"@id":"https:\/\/www.ep-partners.com\/de\/#website"},"datePublished":"2024-06-28T18:05:25+00:00","dateModified":"2024-11-11T03:47:56+00:00","breadcrumb":{"@id":"https:\/\/www.ep-partners.com\/de\/impressum\/#breadcrumb"},"inLanguage":"de","potentialAction":[{"@type":"ReadAction","target":["https:\/\/www.ep-partners.com\/de\/impressum\/"]}]},{"@type":"BreadcrumbList","@id":"https:\/\/www.ep-partners.com\/de\/impressum\/#breadcrumb","itemListElement":[{"@type":"ListItem","position":1,"name":"Home","item":"https:\/\/www.ep-partners.com\/de\/"},{"@type":"ListItem","position":2,"name":"Impressum"}]},{"@type":"WebSite","@id":"https:\/\/www.ep-partners.com\/de\/#website","url":"https:\/\/www.ep-partners.com\/de\/","name":"EPP European Property Partners","description":"Ihr Verm\u00f6gen in besten H\u00e4nden","publisher":{"@id":"https:\/\/www.ep-partners.com\/de\/#organization"},"alternateName":"EPP","potentialAction":[{"@type":"SearchAction","target":{"@type":"EntryPoint","urlTemplate":"https:\/\/www.ep-partners.com\/de\/?s={search_term_string}"},"query-input":{"@type":"PropertyValueSpecification","valueRequired":true,"valueName":"search_term_string"}}],"inLanguage":"de"},{"@type":"Organization","@id":"https:\/\/www.ep-partners.com\/de\/#organization","name":"EPP European Property Partners GmbH","alternateName":"EPP","url":"https:\/\/www.ep-partners.com\/de\/","logo":{"@type":"ImageObject","inLanguage":"de","@id":"https:\/\/www.ep-partners.com\/de\/#\/schema\/logo\/image\/","url":"https:\/\/www.ep-partners.com\/wp-content\/uploads\/2024\/06\/EPP-Logo-BLK.svg","contentUrl":"https:\/\/www.ep-partners.com\/wp-content\/uploads\/2024\/06\/EPP-Logo-BLK.svg","width":399,"height":116,"caption":"EPP European Property Partners GmbH"},"image":{"@id":"https:\/\/www.ep-partners.com\/de\/#\/schema\/logo\/image\/"}}]}},"_links":{"self":[{"href":"https:\/\/www.ep-partners.com\/de\/wp-json\/wp\/v2\/pages\/238","targetHints":{"allow":["GET"]}}],"collection":[{"href":"https:\/\/www.ep-partners.com\/de\/wp-json\/wp\/v2\/pages"}],"about":[{"href":"https:\/\/www.ep-partners.com\/de\/wp-json\/wp\/v2\/types\/page"}],"author":[{"embeddable":true,"href":"https:\/\/www.ep-partners.com\/de\/wp-json\/wp\/v2\/users\/1"}],"replies":[{"embeddable":true,"href":"https:\/\/www.ep-partners.com\/de\/wp-json\/wp\/v2\/comments?post=238"}],"version-history":[{"count":9,"href":"https:\/\/www.ep-partners.com\/de\/wp-json\/wp\/v2\/pages\/238\/revisions"}],"predecessor-version":[{"id":2367,"href":"https:\/\/www.ep-partners.com\/de\/wp-json\/wp\/v2\/pages\/238\/revisions\/2367"}],"wp:attachment":[{"href":"https:\/\/www.ep-partners.com\/de\/wp-json\/wp\/v2\/media?parent=238"}],"curies":[{"name":"wp","href":"https:\/\/api.w.org\/{rel}","templated":true}]}}